{"id":2347,"date":"2021-12-03T11:06:09","date_gmt":"2021-12-03T11:06:09","guid":{"rendered":"https:\/\/uopazin.com.hr\/?page_id=2347"},"modified":"2021-12-03T11:15:03","modified_gmt":"2021-12-03T11:15:03","slug":"opcine","status":"publish","type":"page","link":"https:\/\/www.uopazin.hr\/?page_id=2347","title":{"rendered":"Op\u0107ine"},"content":{"rendered":"<h2>Op\u0107ine pod Udru\u017eenjem obrtnika Pazin<\/h2>\n<p><a href=\"https:\/\/www.cerovlje.hr\/hr\/\">Cerovlje<\/a><\/p>\n<p><a href=\"https:\/\/www.lupoglav.hr\/\">Lupoglav<\/a><\/p>\n<p><a href=\"https:\/\/www.motovun.hr\/\">Motovun<\/a><\/p>\n<p><a href=\"https:\/\/www.karojba.hr\/\">Karojba<\/a><\/p>\n<p><a href=\"http:\/\/www.svpetarusumi.hr\/\">Sveti Petar u \u0161umi<\/a><\/p>\n<p><a href=\"http:\/\/www.gracisce.hr\/\">Gra\u010di\u0161\u0107e<\/a><\/p>\n<p><a href=\"https:\/\/tinjan.hr\/\">Tinjan<\/a><\/p>\n<p><a href=\"https:\/\/www.pazin.hr\/\">Grad Pazin<\/a><\/p>\n","protected":false},"excerpt":{"rendered":"<p>Op\u0107ine pod Udru\u017eenjem obrtnika Pazin Cerovlje Lupoglav Motovun Karojba Sveti Petar u \u0161umi Gra\u010di\u0161\u0107e Tinjan Grad Pazin<\/p>\n","protected":false},"author":1,"featured_media":0,"parent":0,"menu_order":0,"comment_status":"closed","ping_status":"closed","template":"","meta":{"neve_meta_sidebar":"full-width","neve_meta_container":"","neve_meta_enable_content_width":"on","neve_meta_content_width":100,"neve_meta_title_alignment":"","neve_meta_author_avatar":"","neve_post_elements_order":"","neve_meta_disable_header":"","neve_meta_disable_footer":"","neve_meta_disable_title":"","ngg_post_thumbnail":0,"footnotes":""},"class_list":["post-2347","page","type-page","status-publish","hentry"],"_links":{"self":[{"href":"https:\/\/www.uopazin.hr\/index.php?rest_route=\/wp\/v2\/pages\/2347","targetHints":{"allow":["GET"]}}],"collection":[{"href":"https:\/\/www.uopazin.hr\/index.php?rest_route=\/wp\/v2\/pages"}],"about":[{"href":"https:\/\/www.uopazin.hr\/index.php?rest_route=\/wp\/v2\/types\/page"}],"author":[{"embeddable":true,"href":"https:\/\/www.uopazin.hr\/index.php?rest_route=\/wp\/v2\/users\/1"}],"replies":[{"embeddable":true,"href":"https:\/\/www.uopazin.hr\/index.php?rest_route=%2Fwp%2Fv2%2Fcomments&post=2347"}],"version-history":[{"count":3,"href":"https:\/\/www.uopazin.hr\/index.php?rest_route=\/wp\/v2\/pages\/2347\/revisions"}],"predecessor-version":[{"id":2351,"href":"https:\/\/www.uopazin.hr\/index.php?rest_route=\/wp\/v2\/pages\/2347\/revisions\/2351"}],"wp:attachment":[{"href":"https:\/\/www.uopazin.hr\/index.php?rest_route=%2Fwp%2Fv2%2Fmedia&parent=2347"}],"curies":[{"name":"wp","href":"https:\/\/api.w.org\/{rel}","templated":true}]}}