{"id":2,"date":"2021-06-02T06:22:56","date_gmt":"2021-06-02T06:22:56","guid":{"rendered":"https:\/\/uopazin.com.hr\/?page_id=2"},"modified":"2021-11-22T13:14:52","modified_gmt":"2021-11-22T13:14:52","slug":"sample-page","status":"publish","type":"page","link":"https:\/\/www.uopazin.hr\/?page_id=2","title":{"rendered":"Savjetovanje"},"content":{"rendered":"\r\n<p><strong>Besplatno savjetovanje o poslovanju u obrtu<\/strong><\/p>\r\n\r\n\r\n\r\n<p>Savjetodavna slu\u017eba u Hrvatskoj obrtni\u010dkoj komori omogu\u0107uje obrtnicima besplatno savjetovanje o poslovanju u obrtu.&nbsp;Savjeti su dostupni svakog radnog dana od 8-12 sati putem jedinstvenog pozivnog broja&nbsp;<strong>072 000 026 (<\/strong>po cijeni redovnog poziva iz fiksne mre\u017ee, bez dodatnih naknada).<\/p>\r\n\r\n\r\n\r\n<p><strong>Pozivamo obrtnike da koriste besplatne savjetodavne usluge koje im omogu\u0107uje \u010dlanstvo u HOK-u<\/strong><strong>!<\/strong><\/p>\r\n\r\n\r\n\r\n<p>Stru\u010dni savjeti pru\u017eaju se obrtnicima svakodnevno i to osobno, putem telefona, e-maila, po\u0161te ili posjetom u obrtni\u010dkom pogonu.&nbsp;&nbsp;Savjeti se daju i budu\u0107im obrtnicima, posebice upute o otvaranju obrta, obliku poslovanja, zajedni\u010dkom obrtu, poslovo\u0111i, privremenoj obustavi i obvezama u poslovanju.<\/p>\r\n\r\n\r\n\r\n<p>Pravni savjeti &nbsp;dostupni su iz ugovornih odnosa, radnog prava, zakupa poslovnog prostora, mirovinskog i zdravstvenog osiguranja, te koncesija i dozvola.&nbsp;Vezano uz poslovanje u obrtu, omogu\u0107eni su savjeti o upravljanju obrtom, marketingu i poslovnom povezivanju, analizi poslovanja i financijskih izvje\u0161\u0107a, te o ra\u010dunovodstvu i oporezivanju.&nbsp;Savjeti o planiranju investicija, kreditiranju i ostalim poticajima ostvaruju se u suradnji s poslovnim bankama i obrtni\u010dkim \u0161tedno-kreditnim zadrugama, dr\u017eavnim tijelima i institucijama te nevladinim organizacijama koje provode aktivnosti na poticanju obrtni\u0161tva i malog poduzetni\u0161tva.&nbsp;&nbsp;Tehni\u010dki savjeti obuhva\u0107aju podru\u010dje minimalnih tehni\u010dkih uvjeta poslovanja, organizacije rada, informatizacije, intelektualnog vlasni\u0161tva, za\u0161tite na radu, za\u0161tite okoline, te propisa, normi i standarda.<\/p>\r\n","protected":false},"excerpt":{"rendered":"<p>Besplatno savjetovanje o poslovanju u obrtu Savjetodavna slu\u017eba u Hrvatskoj obrtni\u010dkoj komori omogu\u0107uje obrtnicima besplatno savjetovanje o poslovanju u obrtu.&nbsp;Savjeti su dostupni svakog radnog dana od 8-12 sati putem jedinstvenog pozivnog broja&nbsp;072 000 026 (po cijeni redovnog poziva iz fiksne mre\u017ee, bez dodatnih naknada). Pozivamo obrtnike da koriste besplatne savjetodavne usluge koje im omogu\u0107uje \u010dlanstvo&hellip;&nbsp;<a href=\"https:\/\/www.uopazin.hr\/?page_id=2\" class=\"\" rel=\"bookmark\">Vi\u0161e &raquo;<span class=\"screen-reader-text\">Savjetovanje<\/span><\/a><\/p>\n","protected":false},"author":1,"featured_media":0,"parent":0,"menu_order":0,"comment_status":"closed","ping_status":"open","template":"","meta":{"neve_meta_sidebar":"full-width","neve_meta_container":"","neve_meta_enable_content_width":"on","neve_meta_content_width":100,"neve_meta_title_alignment":"","neve_meta_author_avatar":"","neve_post_elements_order":"","neve_meta_disable_header":"","neve_meta_disable_footer":"","neve_meta_disable_title":"","ngg_post_thumbnail":0,"footnotes":""},"class_list":["post-2","page","type-page","status-publish","hentry"],"_links":{"self":[{"href":"https:\/\/www.uopazin.hr\/index.php?rest_route=\/wp\/v2\/pages\/2","targetHints":{"allow":["GET"]}}],"collection":[{"href":"https:\/\/www.uopazin.hr\/index.php?rest_route=\/wp\/v2\/pages"}],"about":[{"href":"https:\/\/www.uopazin.hr\/index.php?rest_route=\/wp\/v2\/types\/page"}],"author":[{"embeddable":true,"href":"https:\/\/www.uopazin.hr\/index.php?rest_route=\/wp\/v2\/users\/1"}],"replies":[{"embeddable":true,"href":"https:\/\/www.uopazin.hr\/index.php?rest_route=%2Fwp%2Fv2%2Fcomments&post=2"}],"version-history":[{"count":2,"href":"https:\/\/www.uopazin.hr\/index.php?rest_route=\/wp\/v2\/pages\/2\/revisions"}],"predecessor-version":[{"id":33,"href":"https:\/\/www.uopazin.hr\/index.php?rest_route=\/wp\/v2\/pages\/2\/revisions\/33"}],"wp:attachment":[{"href":"https:\/\/www.uopazin.hr\/index.php?rest_route=%2Fwp%2Fv2%2Fmedia&parent=2"}],"curies":[{"name":"wp","href":"https:\/\/api.w.org\/{rel}","templated":true}]}}