{"id":167,"date":"2011-12-19T07:41:15","date_gmt":"2011-12-19T07:41:15","guid":{"rendered":"https:\/\/uopazin.com.hr\/?page_id=167"},"modified":"2021-08-04T07:52:02","modified_gmt":"2021-08-04T07:52:02","slug":"drzavne-institucije","status":"publish","type":"page","link":"https:\/\/www.uopazin.hr\/?page_id=167","title":{"rendered":"Ministarstva i druge dr\u017eavne institucije"},"content":{"rendered":"<p><a title=\"Ministarstvo gospodarstva, rada i poduzetni\u0161tva Republike Hrvatske\" href=\"http:\/\/www.mingorp.hr\/\" target=\"_blank\" rel=\"noopener\">Ministarstvo gospodarstva, rada i poduzetni\u0161tva Republike Hrvatske<\/a><\/p>\n<p><a href=\"http:\/\/www.mingorp.hr\/default.aspx?id=1618\">Ministarstvo gospodarstva, rada i poduzetni\u0161tva<\/a><\/p>\n<p><a href=\"http:\/\/www.mint.hr\/\">Ministarstvo turizma<\/a><\/p>\n<p><a href=\"http:\/\/www.pravosudje.hr\/default.asp\">Ministarstvo pravosu\u0111a<\/a><\/p>\n<p><a href=\"http:\/\/www.mmpi.hr\/\">Ministarstvo mora, prometa i infrastrukture<\/a><\/p>\n<p><a href=\"http:\/\/public.mzos.hr\/Default.aspx\">Ministarstvo znanosti, obrazovanja i \u0161porta<\/a><\/p>\n<p><a href=\"http:\/\/www.mzss.hr\/\">Ministarstvo zdravstva i socijalne skrbi<\/a><\/p>\n<p><a href=\"http:\/\/www.mps.hr\/\">Ministarstvo poljoprivrede, ribarstva i ruralnog razvoja<\/a><\/p>\n<p><a href=\"http:\/\/www.udu-istra.hr\/\">Ured dr\u017eavne uprave u Istarskoj \u017eupaniji<\/a><\/p>\n<p><a href=\"http:\/\/www.hzz.hr\/\">Hrvatski zavod za zapo\u0161ljavanje<\/a><\/p>\n<p><a href=\"http:\/\/www.dzs.hr\/\">Dr\u017eavni zavod za statistiku<\/a><\/p>\n<p><a href=\"http:\/\/www.dzm.hr\/\">Dr\u017eavni zavod za mjeriteljstvo<\/a><\/p>\n<p><a href=\"http:\/\/meteo.hr\/\">Dr\u017eavni hidrometeorolo\u0161ki zavod<\/a><\/p>\n<p><a href=\"http:\/\/www.carina.hr\/Pocetna\/Index.aspx\">Carinska uprava Republike Hrvatske<\/a><\/p>\n<p><a href=\"http:\/\/www.porezna-uprava.hr\/\">Porezna uprava<\/a><\/p>\n<p>&nbsp;<\/p>\n","protected":false},"excerpt":{"rendered":"<p>Ministarstvo gospodarstva, rada i poduzetni\u0161tva Republike Hrvatske Ministarstvo gospodarstva, rada i poduzetni\u0161tva Ministarstvo turizma Ministarstvo pravosu\u0111a Ministarstvo mora, prometa i infrastrukture Ministarstvo znanosti, obrazovanja i \u0161porta Ministarstvo zdravstva i socijalne skrbi Ministarstvo poljoprivrede, ribarstva i ruralnog razvoja Ured dr\u017eavne uprave u Istarskoj \u017eupaniji Hrvatski zavod za zapo\u0161ljavanje Dr\u017eavni zavod za statistiku Dr\u017eavni zavod za mjeriteljstvo&hellip;&nbsp;<a href=\"https:\/\/www.uopazin.hr\/?page_id=167\" class=\"\" rel=\"bookmark\">Vi\u0161e &raquo;<span class=\"screen-reader-text\">Ministarstva i druge dr\u017eavne institucije<\/span><\/a><\/p>\n","protected":false},"author":1,"featured_media":0,"parent":39,"menu_order":0,"comment_status":"closed","ping_status":"closed","template":"","meta":{"neve_meta_sidebar":"full-width","neve_meta_container":"","neve_meta_enable_content_width":"on","neve_meta_content_width":100,"neve_meta_title_alignment":"","neve_meta_author_avatar":"","neve_post_elements_order":"","neve_meta_disable_header":"","neve_meta_disable_footer":"","neve_meta_disable_title":"","ngg_post_thumbnail":0,"footnotes":""},"class_list":["post-167","page","type-page","status-publish","hentry"],"_links":{"self":[{"href":"https:\/\/www.uopazin.hr\/index.php?rest_route=\/wp\/v2\/pages\/167","targetHints":{"allow":["GET"]}}],"collection":[{"href":"https:\/\/www.uopazin.hr\/index.php?rest_route=\/wp\/v2\/pages"}],"about":[{"href":"https:\/\/www.uopazin.hr\/index.php?rest_route=\/wp\/v2\/types\/page"}],"author":[{"embeddable":true,"href":"https:\/\/www.uopazin.hr\/index.php?rest_route=\/wp\/v2\/users\/1"}],"replies":[{"embeddable":true,"href":"https:\/\/www.uopazin.hr\/index.php?rest_route=%2Fwp%2Fv2%2Fcomments&post=167"}],"version-history":[{"count":3,"href":"https:\/\/www.uopazin.hr\/index.php?rest_route=\/wp\/v2\/pages\/167\/revisions"}],"predecessor-version":[{"id":1293,"href":"https:\/\/www.uopazin.hr\/index.php?rest_route=\/wp\/v2\/pages\/167\/revisions\/1293"}],"up":[{"embeddable":true,"href":"https:\/\/www.uopazin.hr\/index.php?rest_route=\/wp\/v2\/pages\/39"}],"wp:attachment":[{"href":"https:\/\/www.uopazin.hr\/index.php?rest_route=%2Fwp%2Fv2%2Fmedia&parent=167"}],"curies":[{"name":"wp","href":"https:\/\/api.w.org\/{rel}","templated":true}]}}