{"id":1284,"date":"2021-08-04T07:37:28","date_gmt":"2021-08-04T07:37:28","guid":{"rendered":"https:\/\/uopazin.com.hr\/?page_id=1284"},"modified":"2024-07-16T10:03:04","modified_gmt":"2024-07-16T10:03:04","slug":"usluge-udruzenja","status":"publish","type":"page","link":"https:\/\/www.uopazin.hr\/?page_id=1284","title":{"rendered":"Usluge udru\u017eenja"},"content":{"rendered":"<p><strong>Karakteristike:<\/strong><\/p>\n<ul>\n<li>smje\u0161ten u modernoj zgradi u samom centru Grada Pazina, ul. Dinka Trinajsti\u0107a 2<\/li>\n<li>dvorana ima kapacitet od cca 40 osoba<\/li>\n<li>posjeduje vlastiti sustav klime i ventilacije prostora<\/li>\n<li>u sklopu dvorane nalaze se i pomo\u0107ne prostorije (\u010dajna kuhinja i spremi\u0161te)<\/li>\n<\/ul>\n<p>Dvorana je pogodna za odr\u017eavanje razli\u010ditih seminara, prezentacija, radionica, te\u010dajeva &nbsp;i drugih aktivnosti u dogovoru s Udru\u017eenjem obrtnika Pazin.<\/p>\n<p align=\"center\"><strong>Cjenik kori\u0161tenja dvorane se nalazi u dokumentu u privitku<\/strong><\/p>\n<p><a href=\"http:\/\/www.uopazin.hr\/wp-content\/uploads\/2024\/07\/CJENIK-IZNAJMLJIVANJA-DVORANE-UO-PAZIN-2024-1-1.pdf\">CJENIK-IZNAJMLJIVANJA-DVORANE-UO-PAZIN 2024-1<\/a><\/p>\n","protected":false},"excerpt":{"rendered":"<p>Karakteristike: smje\u0161ten u modernoj zgradi u samom centru Grada Pazina, ul. Dinka Trinajsti\u0107a 2 dvorana ima kapacitet od cca 40 osoba posjeduje vlastiti sustav klime i ventilacije prostora u sklopu dvorane nalaze se i pomo\u0107ne prostorije (\u010dajna kuhinja i spremi\u0161te) Dvorana je pogodna za odr\u017eavanje razli\u010ditih seminara, prezentacija, radionica, te\u010dajeva &nbsp;i drugih aktivnosti u dogovoru&hellip;&nbsp;<a href=\"https:\/\/www.uopazin.hr\/?page_id=1284\" class=\"\" rel=\"bookmark\">Vi\u0161e &raquo;<span class=\"screen-reader-text\">Usluge udru\u017eenja<\/span><\/a><\/p>\n","protected":false},"author":2,"featured_media":0,"parent":0,"menu_order":0,"comment_status":"closed","ping_status":"closed","template":"","meta":{"neve_meta_sidebar":"","neve_meta_container":"","neve_meta_enable_content_width":"off","neve_meta_content_width":0,"neve_meta_title_alignment":"","neve_meta_author_avatar":"","neve_post_elements_order":"","neve_meta_disable_header":"","neve_meta_disable_footer":"","neve_meta_disable_title":"","ngg_post_thumbnail":0,"footnotes":""},"class_list":["post-1284","page","type-page","status-publish","hentry"],"_links":{"self":[{"href":"https:\/\/www.uopazin.hr\/index.php?rest_route=\/wp\/v2\/pages\/1284","targetHints":{"allow":["GET"]}}],"collection":[{"href":"https:\/\/www.uopazin.hr\/index.php?rest_route=\/wp\/v2\/pages"}],"about":[{"href":"https:\/\/www.uopazin.hr\/index.php?rest_route=\/wp\/v2\/types\/page"}],"author":[{"embeddable":true,"href":"https:\/\/www.uopazin.hr\/index.php?rest_route=\/wp\/v2\/users\/2"}],"replies":[{"embeddable":true,"href":"https:\/\/www.uopazin.hr\/index.php?rest_route=%2Fwp%2Fv2%2Fcomments&post=1284"}],"version-history":[{"count":7,"href":"https:\/\/www.uopazin.hr\/index.php?rest_route=\/wp\/v2\/pages\/1284\/revisions"}],"predecessor-version":[{"id":3225,"href":"https:\/\/www.uopazin.hr\/index.php?rest_route=\/wp\/v2\/pages\/1284\/revisions\/3225"}],"wp:attachment":[{"href":"https:\/\/www.uopazin.hr\/index.php?rest_route=%2Fwp%2Fv2%2Fmedia&parent=1284"}],"curies":[{"name":"wp","href":"https:\/\/api.w.org\/{rel}","templated":true}]}}