{"id":1283,"date":"2021-08-04T07:37:28","date_gmt":"2021-08-04T07:37:28","guid":{"rendered":"https:\/\/uopazin.com.hr\/?page_id=1283"},"modified":"2022-10-21T07:13:17","modified_gmt":"2022-10-21T07:13:17","slug":"cehovi-i-clanovi","status":"publish","type":"page","link":"https:\/\/www.uopazin.hr\/?page_id=1283","title":{"rendered":"Cehovi i \u010dlanovi"},"content":{"rendered":"<p>Osnovni oblik strukovnog organiziranja i stru\u010dnog rada na razini Udru\u017eenja su cehovi.<\/p>\n<p>Vrste i broj cehova utvr\u0111uju se Statutom Udru\u017eenja s obzirom na broj pripadnika odre\u0111ene grane djelatnosti i njenu posebnu va\u017enost za gospodarstvo na podru\u010dju Udru\u017eenja.<\/p>\n<p>Zada\u0107e cehova su da brinu, razmatraju i odlu\u010duju na svojim sjednicama o stru\u010dnim pitanjima i ostalim problemima i zada\u0107ama koje se odnose na gospodarsku granu djelatnosti koju ceh zastupa.<\/p>\n<p>Predstavnici cehova zastupaju interese u cehovima Podru\u010dne obrtni\u010dke komore.<\/p>\n<h3>Ceh autostruke<\/h3>\n<p>Predsjednik ceha : Vedran \u0160\u0107ulac, Ka\u0161\u0107erga, Bravari 50, 52000 Pazin<\/p>\n<h3>Ceh frizera i kozmeti\u010dara<\/h3>\n<p>Predsjednica ceha : Elida Ton\u010dini\u0107, Lupoglav 18, 52 426 Lupoglav<\/p>\n<h3>Ceh graditeljstva<\/h3>\n<p>Predsjednik ceha Bernard Konti\u0107, Novaki Motovunski, Krizmani 91 a, 52 423 Karojba<\/p>\n<h3>Ceh poljodjelstva<\/h3>\n<p>Predsjednik ceha Dean Mati\u0107, Ciburi 59, 52 000 Pazin<\/p>\n<p><strong>Ceh prijevoznika<\/strong><\/p>\n<p>Predsjednik ceha Goran Bla\u0161kovi\u0107, , Pazin, Kastavska 54<\/p>\n<p>&nbsp;<\/p>\n<h3>Ceh proizvo\u0111a\u010da<\/h3>\n<p>Predsjednica ceha Alida Vadanjel, Lindarski Kri\u017e 98, 52 000 Pazin<\/p>\n<p>&nbsp;<\/p>\n<h3>Ceh trgovine<\/h3>\n<p>Predsjednica ceha SANDRA MARE\u010cI\u0106, PAZIN, BO\u017dE MILANOVI\u0106A 11<\/p>\n<p>&nbsp;<\/p>\n<h3>Ceh ugostitelja i turisti\u010dkih djelatnika<\/h3>\n<p>Predsjednica ceha : Svetlana Buljan, Gra\u010di\u0161\u0107e 75, 52403 Gra\u010di\u0161\u017ee<\/p>\n<p>&nbsp;<\/p>\n<h3>Ceh uslu\u017enog obrta<\/h3>\n<p>Predsjednica ceha Valentina Del\u0161eno Vituli\u0107, Franine i Jurine 2A, 52000 Pazin<\/p>\n<p>&nbsp;<\/p>\n","protected":false},"excerpt":{"rendered":"<p>Osnovni oblik strukovnog organiziranja i stru\u010dnog rada na razini Udru\u017eenja su cehovi. Vrste i broj cehova utvr\u0111uju se Statutom Udru\u017eenja s obzirom na broj pripadnika odre\u0111ene grane djelatnosti i njenu posebnu va\u017enost za gospodarstvo na podru\u010dju Udru\u017eenja. Zada\u0107e cehova su da brinu, razmatraju i odlu\u010duju na svojim sjednicama o stru\u010dnim pitanjima i ostalim problemima i&hellip;&nbsp;<a href=\"https:\/\/www.uopazin.hr\/?page_id=1283\" class=\"\" rel=\"bookmark\">Vi\u0161e &raquo;<span class=\"screen-reader-text\">Cehovi i \u010dlanovi<\/span><\/a><\/p>\n","protected":false},"author":2,"featured_media":0,"parent":0,"menu_order":0,"comment_status":"closed","ping_status":"closed","template":"","meta":{"neve_meta_sidebar":"full-width","neve_meta_container":"","neve_meta_enable_content_width":"on","neve_meta_content_width":84,"neve_meta_title_alignment":"","neve_meta_author_avatar":"","neve_post_elements_order":"","neve_meta_disable_header":"","neve_meta_disable_footer":"","neve_meta_disable_title":"","ngg_post_thumbnail":0,"footnotes":""},"class_list":["post-1283","page","type-page","status-publish","hentry"],"_links":{"self":[{"href":"https:\/\/www.uopazin.hr\/index.php?rest_route=\/wp\/v2\/pages\/1283","targetHints":{"allow":["GET"]}}],"collection":[{"href":"https:\/\/www.uopazin.hr\/index.php?rest_route=\/wp\/v2\/pages"}],"about":[{"href":"https:\/\/www.uopazin.hr\/index.php?rest_route=\/wp\/v2\/types\/page"}],"author":[{"embeddable":true,"href":"https:\/\/www.uopazin.hr\/index.php?rest_route=\/wp\/v2\/users\/2"}],"replies":[{"embeddable":true,"href":"https:\/\/www.uopazin.hr\/index.php?rest_route=%2Fwp%2Fv2%2Fcomments&post=1283"}],"version-history":[{"count":7,"href":"https:\/\/www.uopazin.hr\/index.php?rest_route=\/wp\/v2\/pages\/1283\/revisions"}],"predecessor-version":[{"id":2878,"href":"https:\/\/www.uopazin.hr\/index.php?rest_route=\/wp\/v2\/pages\/1283\/revisions\/2878"}],"wp:attachment":[{"href":"https:\/\/www.uopazin.hr\/index.php?rest_route=%2Fwp%2Fv2%2Fmedia&parent=1283"}],"curies":[{"name":"wp","href":"https:\/\/api.w.org\/{rel}","templated":true}]}}